{"id":2409,"date":"2019-10-22T23:42:31","date_gmt":"2019-10-23T03:42:31","guid":{"rendered":"https:\/\/sitioweb2.fundacioncrecer.net\/?page_id=2409"},"modified":"2020-10-02T17:10:30","modified_gmt":"2020-10-02T21:10:30","slug":"e-comunicado-fundacion-crecer-con-todos-ante-contexto-nacional","status":"publish","type":"page","link":"https:\/\/sitioweb2.fundacioncrecer.net\/index.php\/e-comunicado-fundacion-crecer-con-todos-ante-contexto-nacional\/","title":{"rendered":"E-Comunicado Fundaci\u00f3n Crecer con Todos ante contexto nacional"},"content":{"rendered":"\t\t<div data-elementor-type=\"wp-post\" data-elementor-id=\"2409\" class=\"elementor elementor-2409\" data-elementor-settings=\"[]\">\n\t\t\t\t\t\t<div class=\"elementor-inner\">\n\t\t\t\t\t\t\t<div class=\"elementor-section-wrap\">\n\t\t\t\t\t\t\t<section class=\"elementor-section elementor-top-section elementor-element elementor-element-0056332 elementor-section-stretched elementor-section-full_width elementor-section-height-default elementor-section-height-default\" data-id=\"0056332\" data-element_type=\"section\" data-settings=\"{&quot;stretch_section&quot;:&quot;section-stretched&quot;}\">\n\t\t\t\t\t\t\t<div class=\"elementor-background-overlay\"><\/div>\n\t\t\t\t\t\t\t<div class=\"elementor-container elementor-column-gap-default\">\n\t\t\t\t\t\t\t<div class=\"elementor-row\">\n\t\t\t\t\t<div class=\"elementor-column elementor-col-100 elementor-top-column elementor-element elementor-element-9612032\" data-id=\"9612032\" data-element_type=\"column\">\n\t\t\t<div class=\"elementor-column-wrap elementor-element-populated\">\n\t\t\t\t\t\t\t<div class=\"elementor-widget-wrap\">\n\t\t\t\t\t\t<div class=\"elementor-element elementor-element-d3c76b4 elementor-widget elementor-widget-html\" data-id=\"d3c76b4\" data-element_type=\"widget\" data-widget_type=\"html.default\">\n\t\t\t\t<div class=\"elementor-widget-container\">\n\t\t\t<!--<div><a href=\"https:\/\/www.facebook.com\/FundCrecerConTodos\/\"><img style=\"padding-top:80px;\" align=\"left\" src=\"https:\/\/sitioweb2.fundacioncrecer.net\/wp-content\/uploads\/2019\/10\/facebook29x30.png\" data-fancybox><\/a><\/div>\n<div><a href=\"https:\/\/www.instagram.com\/primerolee\/\"><img style=\"padding-top:80px;\" align=\"left\" src=\"https:\/\/sitioweb2.fundacioncrecer.net\/wp-content\/uploads\/2019\/10\/ig28x30.png\" data-fancybox><\/a><\/div>-->\n<div><img style=\"padding-top:35px;padding-right:100px;\" align=\"right\" src=\"https:\/\/sitioweb2.fundacioncrecer.net\/wp-content\/uploads\/2019\/11\/logo-programa-Primero-LEE-alta.png\" width=\"370\" alt=\"Paris\"><\/div>\n<style>\n\/* INICIO MEN\u00da COLORES *\/\n.dropdown:hover .dropdown-content {display: block;}\n.dropdown {\n  position: relative;\n  display: inline-block;\n  font-family: raleway;\n}\n.dropdown:hover .dropdown-content-1 {display: block;}\n.dropdown {\n  position: relative;\n  display: inline-block;\n  font-family: raleway;\n}\n.dropdown:hover .dropdown-content-2 {display: block;}\n.dropdown {\n  position: relative;\n  display: inline-block;\n  font-family: raleway;\n}\n.dropdown-content {\n  display: none;\n  position: absolute;\n  background-color: white;\n  min-width: 160px;\n  box-shadow: 0px 8px 16px 0px rgba(0,0,0,0.2);\n  z-index: 1;\n  font-family: raleway;\n}\n.dropdown-content-1 {\n  display: none;\n  position: absolute;\n  background-color: white;\n  min-width: 160px;\n  box-shadow: 0px 8px 16px 0px rgba(0,0,0,0.2);\n  z-index: 1;\n}\n.dropdown-content-2 {\n  display: none;\n  position: absolute;\n  background-color: white;\n  min-width: 160px;\n  box-shadow: 0px 8px 16px 0px rgba(0,0,0,0.2);\n  z-index: 1;\n  font-family: raleway;\n}\n.dropbtn {\n  background-color: white;\n  color: #c05e9b;\n  padding: 10px;\n  font-size: 17px;\n  font-weight: bold;\n  font-family: raleway;\n  border: none;\n}\n.dropbtn-1 {\n  background-color: white;\n  color: #0db9c8;\n  padding: 10px;\n  font-size: 17px;\n  font-weight: bold;\n  border: none;\n  font-family: raleway;\n}\n.dropbtn-2 {\n  background-color: white;\n  color: #eb8240;\n  padding: 10px;\n  font-size: 17px;\n  font-weight: bold;\n  border: none;\n  font-family: raleway;\n}\n.dropdown-content a {\n  color: #c05e9b;\n  padding: 12px 16px;\n  font-size: 15px;\n  text-decoration: none;\n  display: block;\n  font-family: raleway;\n}\n.dropdown-content-1 a {\n  color: #0db9c8;\n  padding: 12px 16px;\n  font-size: 15px;\n  text-decoration: none;\n  display: block;\n  font-family: raleway;\n}\n.dropdown-content-2 a {\n  color: #eb8240;\n  padding: 12px 16px;\n  font-size: 15px;\n  text-decoration: none;\n  display: block;\n  font-family: raleway;\n}\n.dropdown-content a:hover {background-color: #f4c0e0;}\n.dropdown-content-1 a:hover {background-color: #b1edf2;}\n.dropdown-content-2 a:hover {background-color: #f8d1b8;}\n.dropdown:hover .dropbtn {background-color: #f4c0e0;}\n.dropdown:hover .dropbtn-1 {background-color: #b1edf2;}\n.dropdown:hover .dropbtn-2 {background-color: #f8d1b8;}\n\/* FIN COLORES MEN\u00da *\/\n<\/style>\n<div style=\"text-align: center;font-size: 17px; background-color: white;\"><br\/><br\/><br\/>\n    <a style=\"color:#686868;padding-right:15px;\" href=\"https:\/\/sitioweb2.fundacioncrecer.net\">INICIO<\/a>\n    <div class=\"dropdown\">\n      <button class=\"dropbtn\">PRIMERO LEE<\/button>\n      <div class=\"dropdown-content\">\n        <!--<a href=\"https:\/\/sitioweb2.fundacioncrecer.net\/index.php\/que-es\/\">\u00bfQU\u00c9 ES?<\/a>-->\n        <a href=\"https:\/\/sitioweb2.fundacioncrecer.net\/index.php\/que-hacemos\/\">\u00bfQU\u00c9 HACEMOS?<\/a>\n        <a href=\"https:\/\/sitioweb2.fundacioncrecer.net\/index.php\/nuestro-modelo-de-trabajo\/\">NUESTRO MODELO DE TRABAJO<\/a>\n        <a href=\"https:\/\/sitioweb2.fundacioncrecer.net\/index.php\/como-lo-llevamos-a-cabo\/\">\u00bfC\u00d3MO LO LLEVAMOS A CABO?<\/a>\n        <a href=\"https:\/\/sitioweb2.fundacioncrecer.net\/index.php\/donde-estamos\/\">\u00bfD\u00d3NDE ESTAMOS?<\/a>\n        <a href=\"https:\/\/sitioweb2.fundacioncrecer.net\/index.php\/estudios\/\">ESTUDIOS<\/a>\n        <a href=\"https:\/\/sitioweb2.fundacioncrecer.net\/index.php\/catalogo\/\">CAT\u00c1LOGO<\/a>\n        <a href=\"https:\/\/sitioweb2.fundacioncrecer.net\/index.php\/nuestros-cuentos\/\">NUESTROS CUENTOS<\/a>\n        <a href=\"https:\/\/sitioweb2.fundacioncrecer.net\/index.php\/aprende-en-casa\/\">APRENDO EN CASA<\/a>\n      <\/div>\n    <\/div>\n    <div class=\"dropdown\">\n      <button class=\"dropbtn-1\">FUNDACI\u00d3N<\/button>\n      <div class=\"dropdown-content-1\">\n        <a href=\"https:\/\/sitioweb2.fundacioncrecer.net\/index.php\/quienes-somos\/\">\u00bfQUI\u00c9NES SOMOS?<\/a>\n        <a href=\"https:\/\/sitioweb2.fundacioncrecer.net\/index.php\/directorio\/\">DIRECTORIO<\/a>\n        <a href=\"https:\/\/sitioweb2.fundacioncrecer.net\/index.php\/equipo\/\">EQUIPO<\/a>\n        <a href=\"https:\/\/sitioweb2.fundacioncrecer.net\/index.php\/fecu-social\/\">FECU SOCIAL<\/a>\n      <\/div>\n    <\/div>\n    <div class=\"dropdown\">\n     <button class=\"dropbtn-2\">\n         <a style=\"color: #eb8240;\n  padding: 10px;\n  font-size: 17px;\n  font-weight: bold;\" href=\"https:\/\/sitioweb2.fundacioncrecer.net\/index.php\/catalogo\/\">VENTA DE PRODUCTOS<\/a><\/button>\n    <\/div>\n    <div class=\"dropdown\">\n      <button class=\"dropbtn\">NOTICIAS<\/button>\n      <div class=\"dropdown-content\">\n        <a href=\"https:\/\/sitioweb2.fundacioncrecer.net\/index.php\/noticias\/\">NOTICIAS<\/a>\n        <!--<a href=\"https:\/\/sitioweb2.fundacioncrecer.net\/index.php\/galeria\/\">GALER\u00cdA<\/a>-->\n      <\/div>\n    <\/div>\n    <div class=\"dropdown\">\n      <button class=\"dropbtn-1\">INTRANET<\/button>\n      <div class=\"dropdown-content-1\">\n        <a href=\"https:\/\/recursos.primerolee.cl\/\" target=\"_blank\">RECURSOS<\/a>\n        <a href=\"http:\/\/fundacioncrecer.nnodes.com\/login\" target=\"_blank\">RESULTADOS<\/a>\n      <\/div>\n    <\/div>\n    <div class=\"dropdown\">\n      <button class=\"dropbtn-2\">CONTACTO<\/button>\n      <div class=\"dropdown-content-2\">\n        <a href=\"https:\/\/sitioweb2.fundacioncrecer.net\/index.php\/contacto\/\">QUIERO CONTACTARLOS<\/a>\n        <a href=\"https:\/\/sitioweb2.fundacioncrecer.net\/index.php\/contacto-aportar\/\">QUIERO APORTAR<\/a>\n      <\/div>\n    <\/div>\n    <\/div>\t\t<\/div>\n\t\t\t\t<\/div>\n\t\t\t\t\t\t<\/div>\n\t\t\t\t\t<\/div>\n\t\t<\/div>\n\t\t\t\t\t\t\t\t<\/div>\n\t\t\t\t\t<\/div>\n\t\t<\/section>\n\t\t\t\t<section class=\"elementor-section elementor-top-section elementor-element elementor-element-6554bcc7 elementor-section-full_width elementor-section-height-default elementor-section-height-default\" data-id=\"6554bcc7\" data-element_type=\"section\" data-settings=\"{&quot;background_background&quot;:&quot;classic&quot;}\">\n\t\t\t\t\t\t<div class=\"elementor-container elementor-column-gap-default\">\n\t\t\t\t\t\t\t<div class=\"elementor-row\">\n\t\t\t\t\t<div class=\"elementor-column elementor-col-33 elementor-top-column elementor-element elementor-element-5c89d41\" data-id=\"5c89d41\" data-element_type=\"column\">\n\t\t\t<div class=\"elementor-column-wrap\">\n\t\t\t\t\t\t\t<div class=\"elementor-widget-wrap\">\n\t\t\t\t\t\t\t\t<\/div>\n\t\t\t\t\t<\/div>\n\t\t<\/div>\n\t\t\t\t<div class=\"elementor-column elementor-col-33 elementor-top-column elementor-element elementor-element-73c064c5\" data-id=\"73c064c5\" data-element_type=\"column\">\n\t\t\t<div class=\"elementor-column-wrap elementor-element-populated\">\n\t\t\t\t\t\t\t<div class=\"elementor-widget-wrap\">\n\t\t\t\t\t\t<div class=\"elementor-element elementor-element-1f83e145 animated-slow elementor-invisible elementor-widget elementor-widget-image\" data-id=\"1f83e145\" data-element_type=\"widget\" data-settings=\"{&quot;_animation&quot;:&quot;slideInUp&quot;}\" data-widget_type=\"image.default\">\n\t\t\t\t<div class=\"elementor-widget-container\">\n\t\t\t\t\t<div class=\"elementor-image\">\n\t\t\t\t\t\t\t\t\t\t\t<a href=\"https:\/\/sitioweb2.fundacioncrecer.net\/index.php\/aprende-en-casa\/\">\n\t\t\t\t\t\t\t<img src=\"https:\/\/sitioweb2.fundacioncrecer.net\/wp-content\/uploads\/elementor\/thumbs\/banner_aprendo_en_casav3-on3joa7br3k2kvaxlqfov5ct072z8i4emyh34hgaky.png\" title=\"\" alt=\"\" \/>\t\t\t\t\t\t\t\t<\/a>\n\t\t\t\t\t\t\t\t\t\t\t<\/div>\n\t\t\t\t<\/div>\n\t\t\t\t<\/div>\n\t\t\t\t\t\t<\/div>\n\t\t\t\t\t<\/div>\n\t\t<\/div>\n\t\t\t\t<div class=\"elementor-column elementor-col-33 elementor-top-column elementor-element elementor-element-7b17db9a\" data-id=\"7b17db9a\" data-element_type=\"column\">\n\t\t\t<div class=\"elementor-column-wrap\">\n\t\t\t\t\t\t\t<div class=\"elementor-widget-wrap\">\n\t\t\t\t\t\t\t\t<\/div>\n\t\t\t\t\t<\/div>\n\t\t<\/div>\n\t\t\t\t\t\t\t\t<\/div>\n\t\t\t\t\t<\/div>\n\t\t<\/section>\n\t\t\t\t<section class=\"elementor-section elementor-top-section elementor-element elementor-element-4a780033 elementor-section-full_width elementor-section-stretched elementor-section-height-default elementor-section-height-default\" data-id=\"4a780033\" data-element_type=\"section\" data-settings=\"{&quot;stretch_section&quot;:&quot;section-stretched&quot;}\">\n\t\t\t\t\t\t<div class=\"elementor-container elementor-column-gap-default\">\n\t\t\t\t\t\t\t<div class=\"elementor-row\">\n\t\t\t\t\t<div class=\"elementor-column elementor-col-100 elementor-top-column elementor-element elementor-element-4ef51f44\" data-id=\"4ef51f44\" data-element_type=\"column\">\n\t\t\t<div class=\"elementor-column-wrap elementor-element-populated\">\n\t\t\t\t\t\t\t<div class=\"elementor-widget-wrap\">\n\t\t\t\t\t\t<div class=\"elementor-element elementor-element-50a85ade animated-slow elementor-invisible elementor-widget elementor-widget-heading\" data-id=\"50a85ade\" data-element_type=\"widget\" data-settings=\"{&quot;_animation&quot;:&quot;slideInUp&quot;}\" data-widget_type=\"heading.default\">\n\t\t\t\t<div class=\"elementor-widget-container\">\n\t\t\t<h1 class=\"elementor-heading-title elementor-size-xxl\">Comunicado Fundaci\u00f3n Crecer con Todos ante contexto nacional<\/h1>\t\t<\/div>\n\t\t\t\t<\/div>\n\t\t\t\t\t\t<\/div>\n\t\t\t\t\t<\/div>\n\t\t<\/div>\n\t\t\t\t\t\t\t\t<\/div>\n\t\t\t\t\t<\/div>\n\t\t<\/section>\n\t\t\t\t<section class=\"elementor-section elementor-top-section elementor-element elementor-element-30c3b8cb elementor-section-full_width elementor-section-stretched elementor-section-height-default elementor-section-height-default\" data-id=\"30c3b8cb\" data-element_type=\"section\" data-settings=\"{&quot;stretch_section&quot;:&quot;section-stretched&quot;}\">\n\t\t\t\t\t\t<div class=\"elementor-container elementor-column-gap-extended\">\n\t\t\t\t\t\t\t<div class=\"elementor-row\">\n\t\t\t\t\t<div class=\"elementor-column elementor-col-20 elementor-top-column elementor-element elementor-element-4ad4b58b\" data-id=\"4ad4b58b\" data-element_type=\"column\">\n\t\t\t<div class=\"elementor-column-wrap\">\n\t\t\t\t\t\t\t<div class=\"elementor-widget-wrap\">\n\t\t\t\t\t\t\t\t<\/div>\n\t\t\t\t\t<\/div>\n\t\t<\/div>\n\t\t\t\t<div class=\"elementor-column elementor-col-20 elementor-top-column elementor-element elementor-element-4da89355\" data-id=\"4da89355\" data-element_type=\"column\" data-settings=\"{&quot;background_background&quot;:&quot;classic&quot;}\">\n\t\t\t<div class=\"elementor-column-wrap elementor-element-populated\">\n\t\t\t\t\t\t\t<div class=\"elementor-widget-wrap\">\n\t\t\t\t\t\t<div class=\"elementor-element elementor-element-f5cf105 elementor-widget elementor-widget-image\" data-id=\"f5cf105\" data-element_type=\"widget\" data-widget_type=\"image.default\">\n\t\t\t\t<div class=\"elementor-widget-container\">\n\t\t\t\t\t<div class=\"elementor-image\">\n\t\t\t\t\t\t\t\t\t\t<img width=\"765\" height=\"433\" src=\"https:\/\/sitioweb2.fundacioncrecer.net\/wp-content\/uploads\/2019\/10\/7.png\" class=\"attachment-large size-large\" alt=\"\" loading=\"lazy\" srcset=\"https:\/\/sitioweb2.fundacioncrecer.net\/wp-content\/uploads\/2019\/10\/7.png 765w, https:\/\/sitioweb2.fundacioncrecer.net\/wp-content\/uploads\/2019\/10\/7-300x170.png 300w\" sizes=\"(max-width: 765px) 100vw, 765px\" \/>\t\t\t\t\t\t\t\t\t\t\t<\/div>\n\t\t\t\t<\/div>\n\t\t\t\t<\/div>\n\t\t\t\t\t\t<\/div>\n\t\t\t\t\t<\/div>\n\t\t<\/div>\n\t\t\t\t<div class=\"elementor-column elementor-col-20 elementor-top-column elementor-element elementor-element-653686d6\" data-id=\"653686d6\" data-element_type=\"column\">\n\t\t\t<div class=\"elementor-column-wrap\">\n\t\t\t\t\t\t\t<div class=\"elementor-widget-wrap\">\n\t\t\t\t\t\t\t\t<\/div>\n\t\t\t\t\t<\/div>\n\t\t<\/div>\n\t\t\t\t<div class=\"elementor-column elementor-col-20 elementor-top-column elementor-element elementor-element-26fcdb70 rounded shadow-3d\" data-id=\"26fcdb70\" data-element_type=\"column\" data-settings=\"{&quot;background_background&quot;:&quot;classic&quot;}\">\n\t\t\t<div class=\"elementor-column-wrap elementor-element-populated\">\n\t\t\t\t\t\t\t<div class=\"elementor-widget-wrap\">\n\t\t\t\t\t\t<div class=\"elementor-element elementor-element-732d4a3 animated-slow elementor-invisible elementor-widget elementor-widget-text-editor\" data-id=\"732d4a3\" data-element_type=\"widget\" data-settings=\"{&quot;_animation&quot;:&quot;slideInUp&quot;}\" data-widget_type=\"text-editor.default\">\n\t\t\t\t<div class=\"elementor-widget-container\">\n\t\t\t\t\t<div class=\"elementor-text-editor elementor-clearfix\"><p style=\"text-align: justify; color: 7a7a7a;\">por <b>Fundaci\u00f3n Educacional Crecer con Todos<\/b> (22\/10\/2019)<\/p><p style=\"text-align: justify; color: 7a7a7a;\">Como Fundaci\u00f3n Educacional Crecer Con Todos, entendemos la problem\u00e1tica social por la que se encuentra atravesando nuestro pa\u00eds, pues trabajamos d\u00eda a d\u00eda con las escuelas m\u00e1s vulnerables, donde se reflejan las grandes condiciones de desigualdad econ\u00f3mica, de g\u00e9nero, de dignidad y de trato.<\/p><p style=\"text-align: justify; color: 7a7a7a;\">En este sentido, apostamos por hacer la diferencia y generar cambios concretos en la educaci\u00f3n desde los primeros niveles, pues los ni\u00f1os no pueden seguir esperando. Somos testigos que, con compromiso y dedicaci\u00f3n, s\u00ed se puede. Por eso es importante continuar nuestra labor y seguir trabajando por los ni\u00f1os y ni\u00f1as de Chile, para que as\u00ed, puedan optar a nuevas oportunidades y a su vez, acceder a un mejor futuro.<br \/>#NuevoPactoSocial<\/p><p style=\"text-align: justify; color: 7a7a7a;\">Lee la carta que firmamos m\u00e1s de 300 organizaciones de la sociedad civil aqu\u00ed:<\/p><\/div>\n\t\t\t\t<\/div>\n\t\t\t\t<\/div>\n\t\t\t\t<div class=\"elementor-element elementor-element-33bb11d elementor-button-info elementor-align-right elementor-widget elementor-widget-button\" data-id=\"33bb11d\" data-element_type=\"widget\" data-widget_type=\"button.default\">\n\t\t\t\t<div class=\"elementor-widget-container\">\n\t\t\t\t\t<div class=\"elementor-button-wrapper\">\n\t\t\t<a href=\"https:\/\/www.crecechile.cl\/carta-abierta-de-la-sociedad-civil\/\" class=\"elementor-button-link elementor-button elementor-size-sm\" role=\"button\">\n\t\t\t\t\t\t<span class=\"elementor-button-content-wrapper\">\n\t\t\t\t\t\t<span class=\"elementor-button-text\">Enlace CRECECHILE.CL<\/span>\n\t\t<\/span>\n\t\t\t\t\t<\/a>\n\t\t<\/div>\n\t\t\t\t<\/div>\n\t\t\t\t<\/div>\n\t\t\t\t<div class=\"elementor-element elementor-element-a34f199 elementor-shape-circle e-grid-align-right elementor-grid-0 elementor-widget elementor-widget-social-icons\" data-id=\"a34f199\" data-element_type=\"widget\" data-widget_type=\"social-icons.default\">\n\t\t\t\t<div class=\"elementor-widget-container\">\n\t\t\t\t\t<div class=\"elementor-social-icons-wrapper elementor-grid\">\n\t\t\t\t\t\t\t<div class=\"elementor-grid-item\">\n\t\t\t\t\t<a class=\"elementor-icon elementor-social-icon elementor-social-icon-facebook elementor-repeater-item-cb38a86\" href=\"https:\/\/www.facebook.com\/PrimeroLee\/\" target=\"_blank\">\n\t\t\t\t\t\t<span class=\"elementor-screen-only\">Facebook<\/span>\n\t\t\t\t\t\t<i class=\"fab fa-facebook\"><\/i>\t\t\t\t\t<\/a>\n\t\t\t\t<\/div>\n\t\t\t\t\t\t\t<div class=\"elementor-grid-item\">\n\t\t\t\t\t<a class=\"elementor-icon elementor-social-icon elementor-social-icon-instagram elementor-repeater-item-8d46a76\" href=\"https:\/\/www.instagram.com\/primerolee\/\" target=\"_blank\">\n\t\t\t\t\t\t<span class=\"elementor-screen-only\">Instagram<\/span>\n\t\t\t\t\t\t<i class=\"fab fa-instagram\"><\/i>\t\t\t\t\t<\/a>\n\t\t\t\t<\/div>\n\t\t\t\t\t<\/div>\n\t\t\t\t<\/div>\n\t\t\t\t<\/div>\n\t\t\t\t\t\t<\/div>\n\t\t\t\t\t<\/div>\n\t\t<\/div>\n\t\t\t\t<div class=\"elementor-column elementor-col-20 elementor-top-column elementor-element elementor-element-1c8b0aa3\" data-id=\"1c8b0aa3\" data-element_type=\"column\">\n\t\t\t<div class=\"elementor-column-wrap\">\n\t\t\t\t\t\t\t<div class=\"elementor-widget-wrap\">\n\t\t\t\t\t\t\t\t<\/div>\n\t\t\t\t\t<\/div>\n\t\t<\/div>\n\t\t\t\t\t\t\t\t<\/div>\n\t\t\t\t\t<\/div>\n\t\t<\/section>\n\t\t\t\t<section class=\"elementor-section elementor-top-section elementor-element elementor-element-7a2bb81e elementor-section-full_width elementor-section-height-default elementor-section-height-default\" data-id=\"7a2bb81e\" data-element_type=\"section\">\n\t\t\t\t\t\t<div class=\"elementor-container elementor-column-gap-default\">\n\t\t\t\t\t\t\t<div class=\"elementor-row\">\n\t\t\t\t\t<div class=\"elementor-column elementor-col-33 elementor-top-column elementor-element elementor-element-136f6719\" data-id=\"136f6719\" data-element_type=\"column\">\n\t\t\t<div class=\"elementor-column-wrap elementor-element-populated\">\n\t\t\t\t\t\t\t<div class=\"elementor-widget-wrap\">\n\t\t\t\t\t\t<div class=\"elementor-element elementor-element-1cffc0c4 elementor-widget elementor-widget-image\" data-id=\"1cffc0c4\" data-element_type=\"widget\" data-widget_type=\"image.default\">\n\t\t\t\t<div class=\"elementor-widget-container\">\n\t\t\t\t\t<div class=\"elementor-image\">\n\t\t\t\t\t\t\t\t\t\t<img src=\"https:\/\/sitioweb2.fundacioncrecer.net\/wp-content\/uploads\/elementor\/thumbs\/logo-cct-alta-oege9wxwv8i9pshqy91elkhr3armkgiuwuzgpjs40g.png\" title=\"logo-cct-alta\" alt=\"logo-cct-alta\" \/>\t\t\t\t\t\t\t\t\t\t\t<\/div>\n\t\t\t\t<\/div>\n\t\t\t\t<\/div>\n\t\t\t\t<div class=\"elementor-element elementor-element-f4c5522 elementor-shape-circle elementor-grid-0 e-grid-align-center elementor-widget elementor-widget-social-icons\" data-id=\"f4c5522\" data-element_type=\"widget\" data-widget_type=\"social-icons.default\">\n\t\t\t\t<div class=\"elementor-widget-container\">\n\t\t\t\t\t<div class=\"elementor-social-icons-wrapper elementor-grid\">\n\t\t\t\t\t\t\t<div class=\"elementor-grid-item\">\n\t\t\t\t\t<a class=\"elementor-icon elementor-social-icon elementor-social-icon-facebook elementor-repeater-item-cb38a86\" href=\"https:\/\/www.facebook.com\/PrimeroLee\/\" target=\"_blank\">\n\t\t\t\t\t\t<span class=\"elementor-screen-only\">Facebook<\/span>\n\t\t\t\t\t\t<i class=\"fab fa-facebook\"><\/i>\t\t\t\t\t<\/a>\n\t\t\t\t<\/div>\n\t\t\t\t\t\t\t<div class=\"elementor-grid-item\">\n\t\t\t\t\t<a class=\"elementor-icon elementor-social-icon elementor-social-icon-instagram elementor-repeater-item-8d46a76\" href=\"https:\/\/www.instagram.com\/primerolee\/\" target=\"_blank\">\n\t\t\t\t\t\t<span class=\"elementor-screen-only\">Instagram<\/span>\n\t\t\t\t\t\t<i class=\"fab fa-instagram\"><\/i>\t\t\t\t\t<\/a>\n\t\t\t\t<\/div>\n\t\t\t\t\t<\/div>\n\t\t\t\t<\/div>\n\t\t\t\t<\/div>\n\t\t\t\t\t\t<\/div>\n\t\t\t\t\t<\/div>\n\t\t<\/div>\n\t\t\t\t<div class=\"elementor-column elementor-col-33 elementor-top-column elementor-element elementor-element-493761c2\" data-id=\"493761c2\" data-element_type=\"column\">\n\t\t\t<div class=\"elementor-column-wrap elementor-element-populated\">\n\t\t\t\t\t\t\t<div class=\"elementor-widget-wrap\">\n\t\t\t\t\t\t<div class=\"elementor-element elementor-element-87076c9 elementor-widget elementor-widget-heading\" data-id=\"87076c9\" data-element_type=\"widget\" data-widget_type=\"heading.default\">\n\t\t\t\t<div class=\"elementor-widget-container\">\n\t\t\t<h2 class=\"elementor-heading-title elementor-size-xl\">Acerca de\u200b<\/h2>\t\t<\/div>\n\t\t\t\t<\/div>\n\t\t\t\t<div class=\"elementor-element elementor-element-32a6fd32 elementor-widget elementor-widget-text-editor\" data-id=\"32a6fd32\" data-element_type=\"widget\" data-widget_type=\"text-editor.default\">\n\t\t\t\t<div class=\"elementor-widget-container\">\n\t\t\t\t\t<div class=\"elementor-text-editor elementor-clearfix\"><p style=\"text-align: justify;\">La Fundaci\u00f3n Educacional Crecer con Todos nace en 2010 para enfrentar la dura y cruda realidad de la educaci\u00f3n chilena, la cual arroja resultados poco alentadores en Lectura:<\/p>\n<p style=\"text-align: justify; font-style: italic;\">&#8220;En Chile, 6 de cada 10 ni\u00f1os que viven en contextos vulnerables no lee o no entiende lo que lee en 4\u00b0 b\u00e1sico. \u00a1Trabajemos con Primero LEE para cambiar HOY esta realidad!&#8221;.<\/p><\/div>\n\t\t\t\t<\/div>\n\t\t\t\t<\/div>\n\t\t\t\t\t\t<\/div>\n\t\t\t\t\t<\/div>\n\t\t<\/div>\n\t\t\t\t<div class=\"elementor-column elementor-col-33 elementor-top-column elementor-element elementor-element-4483595b\" data-id=\"4483595b\" data-element_type=\"column\">\n\t\t\t<div class=\"elementor-column-wrap elementor-element-populated\">\n\t\t\t\t\t\t\t<div class=\"elementor-widget-wrap\">\n\t\t\t\t\t\t<div class=\"elementor-element elementor-element-24b46d2c elementor-widget elementor-widget-heading\" data-id=\"24b46d2c\" data-element_type=\"widget\" data-widget_type=\"heading.default\">\n\t\t\t\t<div class=\"elementor-widget-container\">\n\t\t\t<h2 class=\"elementor-heading-title elementor-size-xl\">Ubicaci\u00f3n<\/h2>\t\t<\/div>\n\t\t\t\t<\/div>\n\t\t\t\t<div class=\"elementor-element elementor-element-5a71785a elementor-widget elementor-widget-text-editor\" data-id=\"5a71785a\" data-element_type=\"widget\" data-widget_type=\"text-editor.default\">\n\t\t\t\t<div class=\"elementor-widget-container\">\n\t\t\t\t\t<div class=\"elementor-text-editor elementor-clearfix\"><p><b>Direcci\u00f3n:<\/b> Carlos Silva Vild\u00f3sola 1320, of. 201, Providencia, Santiago de Chile.<\/p><p><b>Tel\u00e9fono:<\/b> (562) 22368400<\/p><p><b>E-mail:<\/b> primerolee@sitioweb2.fundacioncrecer.net<\/p><\/div>\n\t\t\t\t<\/div>\n\t\t\t\t<\/div>\n\t\t\t\t<div class=\"elementor-element elementor-element-70bed302 rounded shadow-3d elementor-widget elementor-widget-google_maps\" data-id=\"70bed302\" data-element_type=\"widget\" data-widget_type=\"google_maps.default\">\n\t\t\t\t<div class=\"elementor-widget-container\">\n\t\t\t<div class=\"elementor-custom-embed\"><iframe frameborder=\"0\" scrolling=\"no\" marginheight=\"0\" marginwidth=\"0\" src=\"https:\/\/maps.google.com\/maps?q=Carlos%20Silva%20Vild%C3%B3sola%201320%2C%20Providencia&amp;t=m&amp;z=14&amp;output=embed&amp;iwloc=near\" title=\"Carlos Silva Vild\u00f3sola 1320, Providencia\" aria-label=\"Carlos Silva Vild\u00f3sola 1320, Providencia\"><\/iframe><\/div>\t\t<\/div>\n\t\t\t\t<\/div>\n\t\t\t\t<div class=\"elementor-element elementor-element-4ed338f9 elementor-widget elementor-widget-heading\" data-id=\"4ed338f9\" data-element_type=\"widget\" data-widget_type=\"heading.default\">\n\t\t\t\t<div class=\"elementor-widget-container\">\n\t\t\t<p class=\"elementor-heading-title elementor-size-default\">Desarrollado por <a href=\"https:\/\/www.turingsofttech.com\">TuringSoft Technologies SpA.<\/a><\/p>\t\t<\/div>\n\t\t\t\t<\/div>\n\t\t\t\t\t\t<\/div>\n\t\t\t\t\t<\/div>\n\t\t<\/div>\n\t\t\t\t\t\t\t\t<\/div>\n\t\t\t\t\t<\/div>\n\t\t<\/section>\n\t\t\t\t\t\t<\/div>\n\t\t\t\t\t\t<\/div>\n\t\t\t\t\t<\/div>\n\t\t<div class=\"clearfix\"><\/div>","protected":false},"excerpt":{"rendered":"<p>INICIO PRIMERO LEE \u00bfQU\u00c9 HACEMOS? NUESTRO MODELO DE TRABAJO \u00bfC\u00d3MO LO LLEVAMOS A CABO? \u00bfD\u00d3NDE&#8230;<\/p>\n","protected":false},"author":1,"featured_media":0,"parent":0,"menu_order":0,"comment_status":"closed","ping_status":"closed","template":"elementor_header_footer","meta":[],"_links":{"self":[{"href":"https:\/\/sitioweb2.fundacioncrecer.net\/index.php\/wp-json\/wp\/v2\/pages\/2409"}],"collection":[{"href":"https:\/\/sitioweb2.fundacioncrecer.net\/index.php\/wp-json\/wp\/v2\/pages"}],"about":[{"href":"https:\/\/sitioweb2.fundacioncrecer.net\/index.php\/wp-json\/wp\/v2\/types\/page"}],"author":[{"embeddable":true,"href":"https:\/\/sitioweb2.fundacioncrecer.net\/index.php\/wp-json\/wp\/v2\/users\/1"}],"replies":[{"embeddable":true,"href":"https:\/\/sitioweb2.fundacioncrecer.net\/index.php\/wp-json\/wp\/v2\/comments?post=2409"}],"version-history":[{"count":16,"href":"https:\/\/sitioweb2.fundacioncrecer.net\/index.php\/wp-json\/wp\/v2\/pages\/2409\/revisions"}],"predecessor-version":[{"id":3771,"href":"https:\/\/sitioweb2.fundacioncrecer.net\/index.php\/wp-json\/wp\/v2\/pages\/2409\/revisions\/3771"}],"wp:attachment":[{"href":"https:\/\/sitioweb2.fundacioncrecer.net\/index.php\/wp-json\/wp\/v2\/media?parent=2409"}],"curies":[{"name":"wp","href":"https:\/\/api.w.org\/{rel}","templated":true}]}}